{"id":845,"date":"2020-07-30T15:31:19","date_gmt":"2020-07-30T13:31:19","guid":{"rendered":"http:\/\/woo.jakob-heymann.de\/?post_type=product&#038;p=845"},"modified":"2025-06-13T02:44:21","modified_gmt":"2025-06-13T00:44:21","slug":"cd-volle-akkus-leere-herzen","status":"publish","type":"product","link":"https:\/\/jakob-heymann.de\/?product=cd-volle-akkus-leere-herzen","title":{"rendered":"CD Volle Akkus, Leere Herzen"},"content":{"rendered":"<p>Nach dem \u00fcberragenden Erfolg des Albums &#8222;Emilia&#8220; (mehrere verkaufte Einheiten) ist dies sein n\u00e4chstes Album. Es ist seit mehreren Jahren die erste Ver\u00f6ffentlichung des Ausnahmek\u00fcnstlers mit neuen Songs und damit das zweite Album in der einzigartigen Erfolgsgeschichte von Jakob Heymann. Qualitativ auf dem Produktions-Level internationaler Superstars, sind die ausschlie\u00dflich deutschsprachigen Songs genau wieder jene Mischung, die Jakob Heymann zu einem au\u00dfergew\u00f6hnlichen und einzigartigen K\u00fcnstler machen.<\/p>\n<p>Seine bisherige Erfolgsbilanz liest sich wie eine Aneinanderreihung absoluter Superlative: Er ist nicht nur der erfolgreichste europ\u00e4ische S\u00e4nger sondern ist dar\u00fcber hinaus auch der beliebteste Entertainer. Bis heute wurden mehrere Tontr\u00e4ger verkauft, einige Gold-, viele Platin- sowie auch Diamant-Awards und \u00f6fters die Auszeichnung mit dem begehrtesten deutschen Musikpreis, dem ECHO, sind die Erfolgsbilanz dieser au\u00dfergew\u00f6hnlichen Karriere. Kein anderer K\u00fcnstler bzw. Album eines m\u00e4nnlichen Interpreten hat bisher mehr Nr. 1-Platzierungen als &#8222;Emilia&#8220; erreicht und die Single &#8222;Lied 5&#8220; stellt mit mehreren verkauften Tontr\u00e4gern &#8211; und auch Downloads &#8211; den in Deutschland erfolgreichsten Download-Track aller Zeiten dar. Seine letzte Stadion-Tournee haben mehrere Besucher*innen gesehen.<\/p>\n","protected":false},"excerpt":{"rendered":"<p>Nach dem \u00fcberragenden Erfolg des Albums &#8222;Emilia&#8220; (mehrere verkaufte Einheiten) ist dies sein n\u00e4chstes Album. Es ist seit mehreren Jahren die erste Ver\u00f6ffentlichung des Ausnahmek\u00fcnstlers mit neuen Songs und damit das zweite Album in der einzigartigen Erfolgsgeschichte von Jakob Heymann. Qualitativ auf dem Produktions-Level internationaler Superstars, sind die ausschlie\u00dflich deutschsprachigen Songs genau wieder jene Mischung, [&hellip;]<\/p>\n","protected":false},"featured_media":847,"comment_status":"open","ping_status":"closed","template":"","meta":{"_et_pb_use_builder":"","_et_pb_old_content":"","_et_gb_content_width":""},"product_brand":[],"product_cat":[17],"product_tag":[],"class_list":{"0":"post-845","1":"product","2":"type-product","3":"status-publish","4":"has-post-thumbnail","6":"product_cat-unkategorisiert","8":"first","9":"instock","10":"taxable","11":"shipping-taxable","12":"purchasable","13":"product-type-simple"},"_links":{"self":[{"href":"https:\/\/jakob-heymann.de\/index.php?rest_route=\/wp\/v2\/product\/845"}],"collection":[{"href":"https:\/\/jakob-heymann.de\/index.php?rest_route=\/wp\/v2\/product"}],"about":[{"href":"https:\/\/jakob-heymann.de\/index.php?rest_route=\/wp\/v2\/types\/product"}],"replies":[{"embeddable":true,"href":"https:\/\/jakob-heymann.de\/index.php?rest_route=%2Fwp%2Fv2%2Fcomments&post=845"}],"wp:featuredmedia":[{"embeddable":true,"href":"https:\/\/jakob-heymann.de\/index.php?rest_route=\/wp\/v2\/media\/847"}],"wp:attachment":[{"href":"https:\/\/jakob-heymann.de\/index.php?rest_route=%2Fwp%2Fv2%2Fmedia&parent=845"}],"wp:term":[{"taxonomy":"product_brand","embeddable":true,"href":"https:\/\/jakob-heymann.de\/index.php?rest_route=%2Fwp%2Fv2%2Fproduct_brand&post=845"},{"taxonomy":"product_cat","embeddable":true,"href":"https:\/\/jakob-heymann.de\/index.php?rest_route=%2Fwp%2Fv2%2Fproduct_cat&post=845"},{"taxonomy":"product_tag","embeddable":true,"href":"https:\/\/jakob-heymann.de\/index.php?rest_route=%2Fwp%2Fv2%2Fproduct_tag&post=845"}],"curies":[{"name":"wp","href":"https:\/\/api.w.org\/{rel}","templated":true}]}}