{"id":802,"date":"2020-07-06T17:52:49","date_gmt":"2020-07-06T15:52:49","guid":{"rendered":"http:\/\/woo.jakob-heymann.de\/?post_type=product&#038;p=802"},"modified":"2024-11-10T16:08:43","modified_gmt":"2024-11-10T15:08:43","slug":"cd-emilia","status":"publish","type":"product","link":"https:\/\/jakob-heymann.de\/?product=cd-emilia","title":{"rendered":"CD Emilia"},"content":{"rendered":"<p>Mit satten 14 Titeln + Hitmix 2020 erf\u00fcllt das f\u00fcr Juli angek\u00fcndigte Album tausend Fan-Tr\u00e4ume. Mit ber\u00fchrenden Balladen f\u00fcr frisch Verliebte und Hochzeitsjubilare, mit Disco-Fox-Tanznummern zum Schwofen und Schmusen, klassischen Heymann-Hits und aufw\u00fchlenden Liedern gegen die Sprachlosigkeit hat der Bremer sich selber getoppt. \u201eEmilia\u201c kennt kein Alter, folgt dem Gef\u00fchl und keinen Regeln. Einfach mal was Verr\u00fccktes machen? Verr\u00fcckt sein, einfach mal loslassen und Gef\u00fchle zulassen d\u00fcrfen wir mit Jakob Heymann. Vom ersten bis zum letzten Track geht\u2019s bei dieser Heymann-Scheibe rund. \u201eGut genug\u201c, \u201eGedichtlied\u201c, \u201e\u201c und \u201ePurer Hass\u201c lassen uns Liebes-und Urlaubstr\u00e4ume in Bildern vor den Augen sehen, Herzen sprechen und schneller schlagen. Bei \u201eBlut Kotze und Urin\u201c werden wir live die Feuerzeuge leuchten sehen. Zeilen wie \u201eWerde nie ein Fisch am Haken sein\u201c, durchbrechen jede Einsamkeit, wenn sich Gef\u00fchle einschleichen, von denen wir uns mit der Magie der Musik befreien m\u00f6chten. Den sch\u00f6nsten Satz der Welt interpretiert Heymann aus dem Leben gegriffen neu. Mann und Frau, wer macht hier wem sch\u00f6ne Augen? Volle Tanzfl\u00e4chen garantieren die Sommer-Sonne-Titel \u201eLied 5\u201c, \u201eWas die Natur\u201c und \u201eLuxusprobleme\u201c, wenn der DJ jetzt Dein Lied spielt.<\/p>\n<p>Es ist eine reine Freude, diese neuen Lieder zu h\u00f6ren. Gemeinsam Tr\u00e4umen, wenn die Welt stillsteht. Und mal eben bis ans Ende der Welt reisen. Das alles ist drin, im neuen Album. Auch Schmerzen und Leid. Mit offenen Augen und Ohren ist Jakob Heymann auch diesmal erneut seinen Fans begegnet. Sie h\u00f6ren ihm zu, stehen zu ihm und gehen an Grenzen. Er hat in Worte und Melodien gefasst, was viele denken und sehnen. \u201eLuxusprobleme\u201c ist eine Verbeugung vor selbstlosen Pflegekr\u00e4ften und gibt der Liebe ein Gesicht. Und ein junges Leben gepr\u00e4gt von Angst und Gewalt nehmen sie behutsam an die Hand. \u201ePeter und Paul&#8220; ist (die wahre) Geschichte einer Mutter, die Jakob ihre missbrauchte Kinderseele \u00f6ffnete.<\/p>\n<p>&nbsp;<\/p>\n<div class=\"three columns\">\n<div class=\"gdlr-item gdlr-content-item\">\n<p>Titelliste<\/p>\n<p>01. Skip<br \/>\n02. Peter und Paul<br \/>\n03. Was die Natur<br \/>\n04. Ein Konzept<br \/>\n05. Lied 5<br \/>\n06. Musik Weshalb Warum<br \/>\n07. Liebe<br \/>\n08. Purer Hass<br \/>\n09. Das A und O<br \/>\n10. Wagnis<br \/>\n11. Looper Skit<br \/>\n12. Luxusprobleme<br \/>\n13. Was ist passiert?<br \/>\n14. Gut genug<br \/>\n15. Das Gedichtlied<\/p>\n<\/div>\n<\/div>\n","protected":false},"excerpt":{"rendered":"<p>Mit satten 14 Titeln + Hitmix 2020 erf\u00fcllt das f\u00fcr Juli angek\u00fcndigte Album tausend Fan-Tr\u00e4ume. Mit ber\u00fchrenden Balladen f\u00fcr frisch Verliebte und Hochzeitsjubilare, mit Disco-Fox-Tanznummern zum Schwofen und Schmusen, klassischen Heymann-Hits und aufw\u00fchlenden Liedern gegen die Sprachlosigkeit hat der Bremer sich selber getoppt. \u201eEmilia\u201c kennt kein Alter, folgt dem Gef\u00fchl und keinen Regeln. Einfach mal [&hellip;]<\/p>\n","protected":false},"featured_media":144,"comment_status":"open","ping_status":"closed","template":"","meta":{"_et_pb_use_builder":"","_et_pb_old_content":"","_et_gb_content_width":""},"product_brand":[],"product_cat":[17],"product_tag":[],"class_list":{"0":"post-802","1":"product","2":"type-product","3":"status-publish","4":"has-post-thumbnail","6":"product_cat-unkategorisiert","8":"first","9":"outofstock","10":"taxable","11":"shipping-taxable","12":"purchasable","13":"product-type-simple"},"_links":{"self":[{"href":"https:\/\/jakob-heymann.de\/index.php?rest_route=\/wp\/v2\/product\/802"}],"collection":[{"href":"https:\/\/jakob-heymann.de\/index.php?rest_route=\/wp\/v2\/product"}],"about":[{"href":"https:\/\/jakob-heymann.de\/index.php?rest_route=\/wp\/v2\/types\/product"}],"replies":[{"embeddable":true,"href":"https:\/\/jakob-heymann.de\/index.php?rest_route=%2Fwp%2Fv2%2Fcomments&post=802"}],"wp:featuredmedia":[{"embeddable":true,"href":"https:\/\/jakob-heymann.de\/index.php?rest_route=\/wp\/v2\/media\/144"}],"wp:attachment":[{"href":"https:\/\/jakob-heymann.de\/index.php?rest_route=%2Fwp%2Fv2%2Fmedia&parent=802"}],"wp:term":[{"taxonomy":"product_brand","embeddable":true,"href":"https:\/\/jakob-heymann.de\/index.php?rest_route=%2Fwp%2Fv2%2Fproduct_brand&post=802"},{"taxonomy":"product_cat","embeddable":true,"href":"https:\/\/jakob-heymann.de\/index.php?rest_route=%2Fwp%2Fv2%2Fproduct_cat&post=802"},{"taxonomy":"product_tag","embeddable":true,"href":"https:\/\/jakob-heymann.de\/index.php?rest_route=%2Fwp%2Fv2%2Fproduct_tag&post=802"}],"curies":[{"name":"wp","href":"https:\/\/api.w.org\/{rel}","templated":true}]}}