{"id":282,"date":"2016-04-27T23:25:23","date_gmt":"2016-04-27T21:25:23","guid":{"rendered":"http:\/\/jakob-heymann.de\/?page_id=282"},"modified":"2020-07-31T20:11:12","modified_gmt":"2020-07-31T18:11:12","slug":"links","status":"publish","type":"page","link":"https:\/\/jakob-heymann.de\/?page_id=282","title":{"rendered":"Pressestimmen"},"content":{"rendered":"<h5><\/h5>\n<h5><em>&#8222;Er kennt die Akkorde (meistens), er wei\u00df um die Macht des Wortes und ist vertraut mit den Irrwegen der Menschen. Seine Musik ist Handwerk und Kunstgriff zugleich. Sie entsteht auf der B\u00fchne und im Publikum. Sie schraubt sich direkt in die Seele und nistet sich dort auf wundersam selbstverst\u00e4ndliche Weise ein. Mit der Gitarre als Weltempf\u00e4nger macht er die kleinen Dinge gro\u00df und umgekehrt.&#8220;<\/em><\/h5>\n<h6>Zitat: Jonte von D\u00f6llen (K\u00fcnstler, Musiker, Kneipier), Juni 2016<\/h6>\n<p>&nbsp;<\/p>\n<p>&nbsp;<\/p>\n<h5><em>&#8222;&#8230; aber das gewisse Etwas hatte nur einer: Jakob Heymann. Was f\u00fcr eine Stimme! Mal hinrei\u00dfend-hymnisch sich aufschwingend, wie Konstantin Wecker das kann; dann j\u00e4h sich dynamisch zur\u00fccknehmend. Ein beachtlicher Stimmumfang, der bruchlos in den \u00dcberg\u00e4ngen bis ins Falsett reichte. Pointiertes Erz\u00e4hlen, witzige Inszenierung der St\u00fccke. Und dann eben noch der begeisternde Umgang mit der Elektronik, der Loop-Station.<\/em><\/h5>\n<h5><em>Rhythmen und Melodien wurden abgerufen und ver\u00e4ndert, karikierend begleitet mit S\u00e4ngerposen und deren typischen Phrasen. Sch\u00f6ne und vor allem absolut gekonnte Selbstironisierung. Heymann zeigte neue Ufer des Liedermachens. Chapeau!&#8220;<\/em><\/h5>\n<h6>Zitat: Braunschweiger Zeitung, Okt. 2016<\/h6>\n<p>&nbsp;<\/p>\n<h5><em>&#8222;Der Bremer Jakob Heymann bekennt sich aus vollem Herzen zum Kitsch, genauer, zum Liedermacherkitsch, zum Pathos der gl\u00fchenden Herzen. Dabei balanciert er geschickt auf dem schmalen Grat zwischen Parodie und ehrlich empfundener Emphase.&#8220;<\/em><\/h5>\n<h6>F\u00fcrther Nachrichten, September 2016<\/h6>\n","protected":false},"excerpt":{"rendered":"<p>&#8222;Er kennt die Akkorde (meistens), er wei\u00df um die Macht des Wortes und ist vertraut mit den Irrwegen der Menschen. Seine Musik ist Handwerk und Kunstgriff zugleich. Sie entsteht auf der B\u00fchne und im Publikum. Sie schraubt sich direkt in die Seele und nistet sich dort auf wundersam selbstverst\u00e4ndliche Weise ein. Mit der Gitarre als [&hellip;]<\/p>\n","protected":false},"author":2,"featured_media":0,"parent":0,"menu_order":0,"comment_status":"closed","ping_status":"closed","template":"","meta":{"_et_pb_use_builder":"","_et_pb_old_content":"","_et_gb_content_width":"","footnotes":""},"class_list":["post-282","page","type-page","status-publish","hentry"],"_links":{"self":[{"href":"https:\/\/jakob-heymann.de\/index.php?rest_route=\/wp\/v2\/pages\/282"}],"collection":[{"href":"https:\/\/jakob-heymann.de\/index.php?rest_route=\/wp\/v2\/pages"}],"about":[{"href":"https:\/\/jakob-heymann.de\/index.php?rest_route=\/wp\/v2\/types\/page"}],"author":[{"embeddable":true,"href":"https:\/\/jakob-heymann.de\/index.php?rest_route=\/wp\/v2\/users\/2"}],"replies":[{"embeddable":true,"href":"https:\/\/jakob-heymann.de\/index.php?rest_route=%2Fwp%2Fv2%2Fcomments&post=282"}],"version-history":[{"count":17,"href":"https:\/\/jakob-heymann.de\/index.php?rest_route=\/wp\/v2\/pages\/282\/revisions"}],"predecessor-version":[{"id":857,"href":"https:\/\/jakob-heymann.de\/index.php?rest_route=\/wp\/v2\/pages\/282\/revisions\/857"}],"wp:attachment":[{"href":"https:\/\/jakob-heymann.de\/index.php?rest_route=%2Fwp%2Fv2%2Fmedia&parent=282"}],"curies":[{"name":"wp","href":"https:\/\/api.w.org\/{rel}","templated":true}]}}